{"id":7516,"date":"2022-07-07T09:16:55","date_gmt":"2022-07-07T07:16:55","guid":{"rendered":"https:\/\/hotel-wassersleben.de\/?page_id=7516"},"modified":"2023-09-12T11:28:01","modified_gmt":"2023-09-12T09:28:01","slug":"studentenjob","status":"publish","type":"page","link":"https:\/\/hotel-wassersleben.de\/en\/studentenjob\/","title":{"rendered":"Studentenjob"},"content":{"rendered":"<div data-elementor-type=\"wp-page\" data-elementor-id=\"7516\" class=\"elementor elementor-7516\" data-elementor-settings=\"[]\">\n\t\t\t\t\t\t<div class=\"elementor-inner\">\n\t\t\t\t\t\t\t<div class=\"elementor-section-wrap\">\n\t\t\t\t\t\t\t<section class=\"elementor-section elementor-top-section elementor-element elementor-element-6fb637b elementor-section-full_width elementor-section-height-default elementor-section-height-default\" data-id=\"6fb637b\" data-element_type=\"section\">\n\t\t\t\t\t\t<div class=\"elementor-container elementor-column-gap-default\">\n\t\t\t\t\t\t\t<div class=\"elementor-row\">\n\t\t\t\t\t<div class=\"elementor-column elementor-col-100 elementor-top-column elementor-element elementor-element-b1fb19c\" data-id=\"b1fb19c\" data-element_type=\"column\">\n\t\t\t<div class=\"elementor-column-wrap elementor-element-populated\">\n\t\t\t\t\t\t\t<div class=\"elementor-widget-wrap\">\n\t\t\t\t\t\t<div class=\"elementor-element elementor-element-c1c2336 elementor-widget elementor-widget-heading\" data-id=\"c1c2336\" data-element_type=\"widget\" data-widget_type=\"heading.default\">\n\t\t\t\t<div class=\"elementor-widget-container\">\n\t\t\t<h1 class=\"elementor-heading-title elementor-size-default\">Karriere & Jobs\u200b<\/h1>\t\t<\/div>\n\t\t\t\t<\/div>\n\t\t\t\t<div class=\"elementor-element elementor-element-4dc95c4 elementor-widget elementor-widget-heading\" data-id=\"4dc95c4\" data-element_type=\"widget\" data-widget_type=\"heading.default\">\n\t\t\t\t<div class=\"elementor-widget-container\">\n\t\t\t<h2 class=\"elementor-heading-title elementor-size-default\">Werde Teil der Boutique Hotel Wassersleben Familie\u200b!<\/h2>\t\t<\/div>\n\t\t\t\t<\/div>\n\t\t\t\t<div class=\"elementor-element elementor-element-0eec5e1 elementor-widget elementor-widget-text-editor\" data-id=\"0eec5e1\" data-element_type=\"widget\" data-widget_type=\"text-editor.default\">\n\t\t\t\t<div class=\"elementor-widget-container\">\n\t\t\t\t\t\t\t\t<div class=\"elementor-text-editor elementor-clearfix\">\n\t\t\t\t<h5 style=\"color: #cc9907; font-size: 22px; text-align: left;\"><b><span style=\"color: #cc9907;\"><span style=\"font-size: 22px;\">Studenten aufgepasst!<\/span><\/span><\/b><\/h5><p>Einen der sch\u00f6nsten Arbeitspl\u00e4tze am Wasser zu vergeben<\/p><p>Wir suchen f\u00fcr unseren Strandkiosk ab dem 01.04.2023 einen motivierten Minijobber.<\/p><p>Du sagst uns wann Du Zeit hast und wir bauen den Dienstplan um Dich herum! Mittels App und Online-Dienstplan kannst Du dich verf\u00fcgbar melden und siehst immer genau Deine geleisteten Stunden.<\/p>\t\t\t\t\t<\/div>\n\t\t\t\t\t\t<\/div>\n\t\t\t\t<\/div>\n\t\t\t\t<section class=\"elementor-section elementor-inner-section elementor-element elementor-element-f120d05 elementor-section-full_width elementor-section-height-default elementor-section-height-default\" data-id=\"f120d05\" data-element_type=\"section\">\n\t\t\t\t\t\t<div class=\"elementor-container elementor-column-gap-default\">\n\t\t\t\t\t\t\t<div class=\"elementor-row\">\n\t\t\t\t\t<div class=\"elementor-column elementor-col-50 elementor-inner-column elementor-element elementor-element-efa8e81\" data-id=\"efa8e81\" data-element_type=\"column\">\n\t\t\t<div class=\"elementor-column-wrap elementor-element-populated\">\n\t\t\t\t\t\t\t<div class=\"elementor-widget-wrap\">\n\t\t\t\t\t\t<div class=\"elementor-element elementor-element-818f0d4 elementor-widget elementor-widget-text-editor\" data-id=\"818f0d4\" data-element_type=\"widget\" data-widget_type=\"text-editor.default\">\n\t\t\t\t<div class=\"elementor-widget-container\">\n\t\t\t\t\t\t\t\t<div class=\"elementor-text-editor elementor-clearfix\">\n\t\t\t\t<h2>Das bieten wir:<span class=\"Apple-converted-space\">\u00a0<\/span><\/h2><ul><li>Unbefristeter Arbeitsvertrag<\/li><li>Gelebte positive Unternehmenskultur<\/li><li>Minutengenaue Zeiterfassung \u00fcber Gastromatic<\/li><li>Geburtstagsaufmerksamkeit<\/li><li>50% Mitarbeiterrabatt f\u00fcr unser Restaurant \u201eWassersleben Vier\u201c<\/li><li>Verg\u00fcnstigte \u00dcbernachtungen in Partnerhotels<\/li><li>Mitarbeiterverpflegung<\/li><li>Individuelle Mitarbeiterentwicklung und -f\u00f6rderung<\/li><\/ul><p>Sende uns Deine vollst\u00e4ndige Bewerbung an Herrn Pio Bienia:\u00a0<a href=\"mailto:hr@hotel-wassersleben.de\">hr@hotel-wassersleben.de<\/a>\u00a0oder via WhatsApp an 0176 830 847 43.<\/p><p><b>Ansprechpartner:\u00a0<\/b><\/p><p>Eicke Steinort<br \/>Steinort GmbH<br \/>Wassersleben 4<br \/>24955 Harrislee<\/p>\t\t\t\t\t<\/div>\n\t\t\t\t\t\t<\/div>\n\t\t\t\t<\/div>\n\t\t\t\t\t\t<\/div>\n\t\t\t\t\t<\/div>\n\t\t<\/div>\n\t\t\t\t<div class=\"elementor-column elementor-col-50 elementor-inner-column elementor-element elementor-element-bc07965\" data-id=\"bc07965\" data-element_type=\"column\">\n\t\t\t<div class=\"elementor-column-wrap elementor-element-populated\">\n\t\t\t\t\t\t\t<div class=\"elementor-widget-wrap\">\n\t\t\t\t\t\t<div class=\"elementor-element elementor-element-6a820c0 elementor-widget elementor-widget-image\" data-id=\"6a820c0\" data-element_type=\"widget\" data-widget_type=\"image.default\">\n\t\t\t\t<div class=\"elementor-widget-container\">\n\t\t\t\t\t\t\t\t<div class=\"elementor-image\">\n\t\t\t\t\t\t\t\t\t\t\t\t<img width=\"768\" height=\"1024\" src=\"https:\/\/hotel-wassersleben.de\/wp-content\/uploads\/2022\/07\/IMG_0175-768x1024.jpg\" class=\"attachment-large size-large\" alt=\"\" loading=\"lazy\" srcset=\"https:\/\/hotel-wassersleben.de\/wp-content\/uploads\/2022\/07\/IMG_0175-768x1024.jpg 768w, https:\/\/hotel-wassersleben.de\/wp-content\/uploads\/2022\/07\/IMG_0175-225x300.jpg 225w, https:\/\/hotel-wassersleben.de\/wp-content\/uploads\/2022\/07\/IMG_0175-1152x1536.jpg 1152w, https:\/\/hotel-wassersleben.de\/wp-content\/uploads\/2022\/07\/IMG_0175-1536x2048.jpg 1536w, https:\/\/hotel-wassersleben.de\/wp-content\/uploads\/2022\/07\/IMG_0175-scaled.jpg 1920w\" sizes=\"(max-width: 768px) 100vw, 768px\" \/>\t\t\t\t\t\t\t\t\t\t\t\t\t\t<\/div>\n\t\t\t\t\t\t<\/div>\n\t\t\t\t<\/div>\n\t\t\t\t\t\t<\/div>\n\t\t\t\t\t<\/div>\n\t\t<\/div>\n\t\t\t\t\t\t\t\t<\/div>\n\t\t\t\t\t<\/div>\n\t\t<\/section>\n\t\t\t\t<section class=\"elementor-section elementor-inner-section elementor-element elementor-element-13f3f08 elementor-section-boxed elementor-section-height-default elementor-section-height-default\" data-id=\"13f3f08\" data-element_type=\"section\">\n\t\t\t\t\t\t<div class=\"elementor-container elementor-column-gap-default\">\n\t\t\t\t\t\t\t<div class=\"elementor-row\">\n\t\t\t\t\t<div class=\"elementor-column elementor-col-100 elementor-inner-column elementor-element elementor-element-16ec674\" data-id=\"16ec674\" data-element_type=\"column\">\n\t\t\t<div class=\"elementor-column-wrap\">\n\t\t\t\t\t\t\t<div class=\"elementor-widget-wrap\">\n\t\t\t\t\t\t\t\t<\/div>\n\t\t\t\t\t<\/div>\n\t\t<\/div>\n\t\t\t\t\t\t\t\t<\/div>\n\t\t\t\t\t<\/div>\n\t\t<\/section>\n\t\t\t\t<div class=\"elementor-element elementor-element-6c142c6 elementor-widget elementor-widget-spacer\" data-id=\"6c142c6\" data-element_type=\"widget\" data-widget_type=\"spacer.default\">\n\t\t\t\t<div class=\"elementor-widget-container\">\n\t\t\t\t\t<div class=\"elementor-spacer\">\n\t\t\t<div class=\"elementor-spacer-inner\"><\/div>\n\t\t<\/div>\n\t\t\t\t<\/div>\n\t\t\t\t<\/div>\n\t\t\t\t<div class=\"elementor-element elementor-element-936a865 elementor-widget elementor-widget-image\" data-id=\"936a865\" data-element_type=\"widget\" data-widget_type=\"image.default\">\n\t\t\t\t<div class=\"elementor-widget-container\">\n\t\t\t\t\t\t\t\t<div class=\"elementor-image\">\n\t\t\t\t\t\t\t\t\t\t\t\t<img width=\"300\" height=\"194\" src=\"https:\/\/hotel-wassersleben.de\/wp-content\/uploads\/2021\/03\/logo-300x194.png\" class=\"attachment-medium size-medium\" alt=\"\" loading=\"lazy\" srcset=\"https:\/\/hotel-wassersleben.de\/wp-content\/uploads\/2021\/03\/logo-300x194.png 300w, https:\/\/hotel-wassersleben.de\/wp-content\/uploads\/2021\/03\/logo.png 463w\" sizes=\"(max-width: 300px) 100vw, 300px\" \/>\t\t\t\t\t\t\t\t\t\t\t\t\t\t<\/div>\n\t\t\t\t\t\t<\/div>\n\t\t\t\t<\/div>\n\t\t\t\t<div class=\"elementor-element elementor-element-fa14916 elementor-widget elementor-widget-spacer\" data-id=\"fa14916\" data-element_type=\"widget\" data-widget_type=\"spacer.default\">\n\t\t\t\t<div class=\"elementor-widget-container\">\n\t\t\t\t\t<div class=\"elementor-spacer\">\n\t\t\t<div class=\"elementor-spacer-inner\"><\/div>\n\t\t<\/div>\n\t\t\t\t<\/div>\n\t\t\t\t<\/div>\n\t\t\t\t\t\t<\/div>\n\t\t\t\t\t<\/div>\n\t\t<\/div>\n\t\t\t\t\t\t\t\t<\/div>\n\t\t\t\t\t<\/div>\n\t\t<\/section>\n\t\t\t\t\t\t<\/div>\n\t\t\t\t\t\t<\/div>\n\t\t\t\t\t<\/div>","protected":false},"excerpt":{"rendered":"<p>Karriere &#038; Jobs\u200b Werde Teil der Boutique Hotel Wassersleben Familie\u200b! Studenten aufgepasst! Einen der sch\u00f6nsten Arbeitspl\u00e4tze am Wasser zu vergeben Wir suchen f\u00fcr unseren Strandkiosk ab dem 01.04.2023 einen motivierten Minijobber. Du sagst uns wann Du Zeit hast und wir bauen den Dienstplan um Dich herum! Mittels App und Online-Dienstplan kannst Du dich verf\u00fcgbar melden&#8230; <\/p>\n<div class=\"clear\"><\/div>\n<p><a href=\"https:\/\/hotel-wassersleben.de\/en\/studentenjob\/\" class=\"excerpt-read-more\">Continue Reading<i class=\"fa fa-long-arrow-right icon-long-arrow-right\"><\/i><\/a><\/p>","protected":false},"author":1,"featured_media":0,"parent":0,"menu_order":0,"comment_status":"closed","ping_status":"closed","template":"elementor_header_footer","meta":[],"yoast_head":"<!-- This site is optimized with the Yoast SEO plugin v20.0 - https:\/\/yoast.com\/wordpress\/plugins\/seo\/ -->\n<title>Studentenjob - Hotel Wassersleben<\/title>\n<meta name=\"robots\" content=\"index, follow, max-snippet:-1, max-image-preview:large, max-video-preview:-1\" \/>\n<link rel=\"canonical\" href=\"https:\/\/hotel-wassersleben.de\/en\/studentenjob\/\" \/>\n<meta property=\"og:locale\" content=\"en_GB\" \/>\n<meta property=\"og:type\" content=\"article\" \/>\n<meta property=\"og:title\" content=\"Studentenjob - Hotel Wassersleben\" \/>\n<meta property=\"og:description\" content=\"Karriere &#038; Jobs\u200b Werde Teil der Boutique Hotel Wassersleben Familie\u200b! Studenten aufgepasst! Einen der sch\u00f6nsten Arbeitspl\u00e4tze am Wasser zu vergeben Wir suchen f\u00fcr unseren Strandkiosk ab dem 01.04.2023 einen motivierten Minijobber. Du sagst uns wann Du Zeit hast und wir bauen den Dienstplan um Dich herum! Mittels App und Online-Dienstplan kannst Du dich verf\u00fcgbar melden... Continue Reading\" \/>\n<meta property=\"og:url\" content=\"https:\/\/hotel-wassersleben.de\/en\/studentenjob\/\" \/>\n<meta property=\"og:site_name\" content=\"Hotel Wassersleben\" \/>\n<meta property=\"article:modified_time\" content=\"2023-09-12T09:28:01+00:00\" \/>\n<meta property=\"og:image\" content=\"http:\/\/hotel-wassersleben.de\/wp-content\/uploads\/2022\/07\/IMG_0175-768x1024.jpg\" \/>\n<meta name=\"twitter:card\" content=\"summary_large_image\" \/>\n<meta name=\"twitter:label1\" content=\"Estimated reading time\" \/>\n\t<meta name=\"twitter:data1\" content=\"2 minutes\" \/>\n<script type=\"application\/ld+json\" class=\"yoast-schema-graph\">{\"@context\":\"https:\/\/schema.org\",\"@graph\":[{\"@type\":\"WebPage\",\"@id\":\"https:\/\/hotel-wassersleben.de\/studentenjob\/\",\"url\":\"https:\/\/hotel-wassersleben.de\/studentenjob\/\",\"name\":\"Studentenjob - Hotel Wassersleben\",\"isPartOf\":{\"@id\":\"https:\/\/hotel-wassersleben.de\/#website\"},\"datePublished\":\"2022-07-07T07:16:55+00:00\",\"dateModified\":\"2023-09-12T09:28:01+00:00\",\"breadcrumb\":{\"@id\":\"https:\/\/hotel-wassersleben.de\/studentenjob\/#breadcrumb\"},\"inLanguage\":\"en-GB\",\"potentialAction\":[{\"@type\":\"ReadAction\",\"target\":[\"https:\/\/hotel-wassersleben.de\/studentenjob\/\"]}]},{\"@type\":\"BreadcrumbList\",\"@id\":\"https:\/\/hotel-wassersleben.de\/studentenjob\/#breadcrumb\",\"itemListElement\":[{\"@type\":\"ListItem\",\"position\":1,\"name\":\"Startseite\",\"item\":\"https:\/\/hotel-wassersleben.de\/\"},{\"@type\":\"ListItem\",\"position\":2,\"name\":\"Studentenjob\"}]},{\"@type\":\"WebSite\",\"@id\":\"https:\/\/hotel-wassersleben.de\/#website\",\"url\":\"https:\/\/hotel-wassersleben.de\/\",\"name\":\"Hotel Wassersleben\",\"description\":\"\",\"potentialAction\":[{\"@type\":\"SearchAction\",\"target\":{\"@type\":\"EntryPoint\",\"urlTemplate\":\"https:\/\/hotel-wassersleben.de\/?s={search_term_string}\"},\"query-input\":\"required name=search_term_string\"}],\"inLanguage\":\"en-GB\"}]}<\/script>\n<!-- \/ Yoast SEO plugin. -->","yoast_head_json":{"title":"Studentenjob - Hotel Wassersleben","robots":{"index":"index","follow":"follow","max-snippet":"max-snippet:-1","max-image-preview":"max-image-preview:large","max-video-preview":"max-video-preview:-1"},"canonical":"https:\/\/hotel-wassersleben.de\/en\/studentenjob\/","og_locale":"en_GB","og_type":"article","og_title":"Studentenjob - Hotel Wassersleben","og_description":"Karriere &#038; Jobs\u200b Werde Teil der Boutique Hotel Wassersleben Familie\u200b! Studenten aufgepasst! Einen der sch\u00f6nsten Arbeitspl\u00e4tze am Wasser zu vergeben Wir suchen f\u00fcr unseren Strandkiosk ab dem 01.04.2023 einen motivierten Minijobber. Du sagst uns wann Du Zeit hast und wir bauen den Dienstplan um Dich herum! Mittels App und Online-Dienstplan kannst Du dich verf\u00fcgbar melden... Continue Reading","og_url":"https:\/\/hotel-wassersleben.de\/en\/studentenjob\/","og_site_name":"Hotel Wassersleben","article_modified_time":"2023-09-12T09:28:01+00:00","og_image":[{"url":"http:\/\/hotel-wassersleben.de\/wp-content\/uploads\/2022\/07\/IMG_0175-768x1024.jpg"}],"twitter_card":"summary_large_image","twitter_misc":{"Estimated reading time":"2 minutes"},"schema":{"@context":"https:\/\/schema.org","@graph":[{"@type":"WebPage","@id":"https:\/\/hotel-wassersleben.de\/studentenjob\/","url":"https:\/\/hotel-wassersleben.de\/studentenjob\/","name":"Studentenjob - Hotel Wassersleben","isPartOf":{"@id":"https:\/\/hotel-wassersleben.de\/#website"},"datePublished":"2022-07-07T07:16:55+00:00","dateModified":"2023-09-12T09:28:01+00:00","breadcrumb":{"@id":"https:\/\/hotel-wassersleben.de\/studentenjob\/#breadcrumb"},"inLanguage":"en-GB","potentialAction":[{"@type":"ReadAction","target":["https:\/\/hotel-wassersleben.de\/studentenjob\/"]}]},{"@type":"BreadcrumbList","@id":"https:\/\/hotel-wassersleben.de\/studentenjob\/#breadcrumb","itemListElement":[{"@type":"ListItem","position":1,"name":"Startseite","item":"https:\/\/hotel-wassersleben.de\/"},{"@type":"ListItem","position":2,"name":"Studentenjob"}]},{"@type":"WebSite","@id":"https:\/\/hotel-wassersleben.de\/#website","url":"https:\/\/hotel-wassersleben.de\/","name":"Hotel Wassersleben","description":"","potentialAction":[{"@type":"SearchAction","target":{"@type":"EntryPoint","urlTemplate":"https:\/\/hotel-wassersleben.de\/?s={search_term_string}"},"query-input":"required name=search_term_string"}],"inLanguage":"en-GB"}]}},"_links":{"self":[{"href":"https:\/\/hotel-wassersleben.de\/en\/wp-json\/wp\/v2\/pages\/7516"}],"collection":[{"href":"https:\/\/hotel-wassersleben.de\/en\/wp-json\/wp\/v2\/pages"}],"about":[{"href":"https:\/\/hotel-wassersleben.de\/en\/wp-json\/wp\/v2\/types\/page"}],"author":[{"embeddable":true,"href":"https:\/\/hotel-wassersleben.de\/en\/wp-json\/wp\/v2\/users\/1"}],"replies":[{"embeddable":true,"href":"https:\/\/hotel-wassersleben.de\/en\/wp-json\/wp\/v2\/comments?post=7516"}],"version-history":[{"count":10,"href":"https:\/\/hotel-wassersleben.de\/en\/wp-json\/wp\/v2\/pages\/7516\/revisions"}],"predecessor-version":[{"id":9029,"href":"https:\/\/hotel-wassersleben.de\/en\/wp-json\/wp\/v2\/pages\/7516\/revisions\/9029"}],"wp:attachment":[{"href":"https:\/\/hotel-wassersleben.de\/en\/wp-json\/wp\/v2\/media?parent=7516"}],"curies":[{"name":"wp","href":"https:\/\/api.w.org\/{rel}","templated":true}]}}