{"id":5692,"date":"2021-06-14T17:51:30","date_gmt":"2021-06-14T15:51:30","guid":{"rendered":"http:\/\/2021.hotel-wassersleben.de\/?page_id=5692"},"modified":"2023-09-15T13:54:19","modified_gmt":"2023-09-15T11:54:19","slug":"chef-de-rang","status":"publish","type":"page","link":"https:\/\/hotel-wassersleben.de\/en\/chef-de-rang\/","title":{"rendered":"Chef De Rang"},"content":{"rendered":"<div data-elementor-type=\"wp-page\" data-elementor-id=\"5692\" class=\"elementor elementor-5692\" data-elementor-settings=\"[]\">\n\t\t\t\t\t\t<div class=\"elementor-inner\">\n\t\t\t\t\t\t\t<div class=\"elementor-section-wrap\">\n\t\t\t\t\t\t\t<section class=\"elementor-section elementor-top-section elementor-element elementor-element-6fb637b elementor-section-full_width elementor-section-height-default elementor-section-height-default\" data-id=\"6fb637b\" data-element_type=\"section\">\n\t\t\t\t\t\t<div class=\"elementor-container elementor-column-gap-default\">\n\t\t\t\t\t\t\t<div class=\"elementor-row\">\n\t\t\t\t\t<div class=\"elementor-column elementor-col-100 elementor-top-column elementor-element elementor-element-b1fb19c\" data-id=\"b1fb19c\" data-element_type=\"column\">\n\t\t\t<div class=\"elementor-column-wrap elementor-element-populated\">\n\t\t\t\t\t\t\t<div class=\"elementor-widget-wrap\">\n\t\t\t\t\t\t<div class=\"elementor-element elementor-element-c1c2336 elementor-widget elementor-widget-heading\" data-id=\"c1c2336\" data-element_type=\"widget\" data-widget_type=\"heading.default\">\n\t\t\t\t<div class=\"elementor-widget-container\">\n\t\t\t<h1 class=\"elementor-heading-title elementor-size-default\">Karriere & Jobs\u200b<\/h1>\t\t<\/div>\n\t\t\t\t<\/div>\n\t\t\t\t<div class=\"elementor-element elementor-element-4dc95c4 elementor-widget elementor-widget-heading\" data-id=\"4dc95c4\" data-element_type=\"widget\" data-widget_type=\"heading.default\">\n\t\t\t\t<div class=\"elementor-widget-container\">\n\t\t\t<h2 class=\"elementor-heading-title elementor-size-default\">Werde Teil der Boutique Hotel Wassersleben Familie\u200b!<\/h2>\t\t<\/div>\n\t\t\t\t<\/div>\n\t\t\t\t<div class=\"elementor-element elementor-element-0fff0ac elementor-widget elementor-widget-heading\" data-id=\"0fff0ac\" data-element_type=\"widget\" data-widget_type=\"heading.default\">\n\t\t\t\t<div class=\"elementor-widget-container\">\n\t\t\t<h5 class=\"elementor-heading-title elementor-size-default\">Wir suchen:<\/h5>\t\t<\/div>\n\t\t\t\t<\/div>\n\t\t\t\t<div class=\"elementor-element elementor-element-0eec5e1 elementor-widget elementor-widget-text-editor\" data-id=\"0eec5e1\" data-element_type=\"widget\" data-widget_type=\"text-editor.default\">\n\t\t\t\t<div class=\"elementor-widget-container\">\n\t\t\t\t\t\t\t\t<div class=\"elementor-text-editor elementor-clearfix\">\n\t\t\t\t<h5 style=\"color: #cc9907; font-size: 22px; text-align: left;\"><b>Chef de Rang (m\/w\/d) Restaurant Wassersleben Vier<\/b><\/h5><p>Dein Arbeitsplatz? Ein kulinarisches Erlebnis mit direktem Blick aufs Meer.<\/p><p>Deine Kollegen? \u2013 Einfach klasse!<\/p><p>Du suchst nach einer Position, die dich t\u00e4glich herausfordert und zugleich die M\u00f6glichkeit zur pers\u00f6nlichen Weiterentwicklung bietet? Dann bist du bei uns genau richtig! Als Chef de Rang in unserem Restaurant \u201eWassersleben Vier\u201c hast du die Gelegenheit, den Servicebereich mit deiner Expertise und Leidenschaft ma\u00dfgeblich zu pr\u00e4gen.<\/p><p>Konntest du bereits Erfahrungen in dieser Position oder in Vergleichbaren Positionen sammeln? Perfekt! Dann sollten wir uns kennenlernen!<\/p><p>Wenn Du ebenso wie wir diese Einstellung teilst und gerne etwas Herausragendes bewirken willst, sende uns Deine aussagekr\u00e4ftige Bewerbung gerne an hotel@hotel-wassersleben.de<\/p><p><strong>Ansprechpartner per Mail &amp; per Whatsapp: <\/strong><\/p><p>Phillip R\u00f6hrchen | F&amp;B Manager | restaurant@hotel-wassersleben.de | 0171 &#8211; 21 91 256<\/p>\t\t\t\t\t<\/div>\n\t\t\t\t\t\t<\/div>\n\t\t\t\t<\/div>\n\t\t\t\t<section class=\"elementor-section elementor-inner-section elementor-element elementor-element-7842d4e elementor-section-boxed elementor-section-height-default elementor-section-height-default\" data-id=\"7842d4e\" data-element_type=\"section\">\n\t\t\t\t\t\t<div class=\"elementor-container elementor-column-gap-default\">\n\t\t\t\t\t\t\t<div class=\"elementor-row\">\n\t\t\t\t\t<div class=\"elementor-column elementor-col-50 elementor-inner-column elementor-element elementor-element-dad364b\" data-id=\"dad364b\" data-element_type=\"column\">\n\t\t\t<div class=\"elementor-column-wrap elementor-element-populated\">\n\t\t\t\t\t\t\t<div class=\"elementor-widget-wrap\">\n\t\t\t\t\t\t<div class=\"elementor-element elementor-element-f29d54d elementor-widget elementor-widget-spacer\" data-id=\"f29d54d\" data-element_type=\"widget\" data-widget_type=\"spacer.default\">\n\t\t\t\t<div class=\"elementor-widget-container\">\n\t\t\t\t\t<div class=\"elementor-spacer\">\n\t\t\t<div class=\"elementor-spacer-inner\"><\/div>\n\t\t<\/div>\n\t\t\t\t<\/div>\n\t\t\t\t<\/div>\n\t\t\t\t<div class=\"elementor-element elementor-element-6accb54 elementor-widget elementor-widget-text-editor\" data-id=\"6accb54\" data-element_type=\"widget\" data-widget_type=\"text-editor.default\">\n\t\t\t\t<div class=\"elementor-widget-container\">\n\t\t\t\t\t\t\t\t<div class=\"elementor-text-editor elementor-clearfix\">\n\t\t\t\t<h5><b>Damit bewerben wir uns bei Dir:<\/b><\/h5><ul><li>Direkter Zugang zum Strand &#8211; perfekt f\u00fcr eine Auszeit nach der Arbeit inkl. Stand-Up-Paddling und Yoga Angebot<\/li><li>Unbefristeter Arbeitsvertrag<\/li><li>Ein tolles Betriebsklima mit flachen Hierarchien<\/li><li>Hilfe bei der Wohnungssuche<\/li><li>50% Mitarbeiterrabatt f\u00fcr unser Restaurant &#8222;Wassersleben Vier&#8220;<\/li><li>Sonderkonditionen f\u00fcr \u00dcbernachtungen in Partnerhotels<\/li><li>T\u00e4gliche Mitarbeiterverpflegung<\/li><li>Attraktive Verg\u00fctung<\/li><\/ul>\t\t\t\t\t<\/div>\n\t\t\t\t\t\t<\/div>\n\t\t\t\t<\/div>\n\t\t\t\t\t\t<\/div>\n\t\t\t\t\t<\/div>\n\t\t<\/div>\n\t\t\t\t<div class=\"elementor-column elementor-col-50 elementor-inner-column elementor-element elementor-element-28ccd0b\" data-id=\"28ccd0b\" data-element_type=\"column\">\n\t\t\t<div class=\"elementor-column-wrap elementor-element-populated\">\n\t\t\t\t\t\t\t<div class=\"elementor-widget-wrap\">\n\t\t\t\t\t\t<div class=\"elementor-element elementor-element-6a820c0 elementor-widget elementor-widget-image\" data-id=\"6a820c0\" data-element_type=\"widget\" data-widget_type=\"image.default\">\n\t\t\t\t<div class=\"elementor-widget-container\">\n\t\t\t\t\t\t\t\t<div class=\"elementor-image\">\n\t\t\t\t\t\t\t\t\t\t\t\t<img width=\"960\" height=\"640\" src=\"https:\/\/hotel-wassersleben.de\/wp-content\/uploads\/2021\/06\/WL-Mitarbeiter-133-1024x683.jpg\" class=\"attachment-large size-large\" alt=\"\" loading=\"lazy\" srcset=\"https:\/\/hotel-wassersleben.de\/wp-content\/uploads\/2021\/06\/WL-Mitarbeiter-133-1024x683.jpg 1024w, https:\/\/hotel-wassersleben.de\/wp-content\/uploads\/2021\/06\/WL-Mitarbeiter-133-300x200.jpg 300w, https:\/\/hotel-wassersleben.de\/wp-content\/uploads\/2021\/06\/WL-Mitarbeiter-133-768x512.jpg 768w, https:\/\/hotel-wassersleben.de\/wp-content\/uploads\/2021\/06\/WL-Mitarbeiter-133-1536x1024.jpg 1536w, https:\/\/hotel-wassersleben.de\/wp-content\/uploads\/2021\/06\/WL-Mitarbeiter-133.jpg 1800w\" sizes=\"(max-width: 960px) 100vw, 960px\" \/>\t\t\t\t\t\t\t\t\t\t\t\t\t\t<\/div>\n\t\t\t\t\t\t<\/div>\n\t\t\t\t<\/div>\n\t\t\t\t\t\t<\/div>\n\t\t\t\t\t<\/div>\n\t\t<\/div>\n\t\t\t\t\t\t\t\t<\/div>\n\t\t\t\t\t<\/div>\n\t\t<\/section>\n\t\t\t\t<div class=\"elementor-element elementor-element-0338aec elementor-widget elementor-widget-spacer\" data-id=\"0338aec\" data-element_type=\"widget\" data-widget_type=\"spacer.default\">\n\t\t\t\t<div class=\"elementor-widget-container\">\n\t\t\t\t\t<div class=\"elementor-spacer\">\n\t\t\t<div class=\"elementor-spacer-inner\"><\/div>\n\t\t<\/div>\n\t\t\t\t<\/div>\n\t\t\t\t<\/div>\n\t\t\t\t<section class=\"elementor-section elementor-inner-section elementor-element elementor-element-13f3f08 elementor-section-boxed elementor-section-height-default elementor-section-height-default\" data-id=\"13f3f08\" data-element_type=\"section\">\n\t\t\t\t\t\t<div class=\"elementor-container elementor-column-gap-default\">\n\t\t\t\t\t\t\t<div class=\"elementor-row\">\n\t\t\t\t\t<div class=\"elementor-column elementor-col-50 elementor-inner-column elementor-element elementor-element-16ec674\" data-id=\"16ec674\" data-element_type=\"column\">\n\t\t\t<div class=\"elementor-column-wrap elementor-element-populated\">\n\t\t\t\t\t\t\t<div class=\"elementor-widget-wrap\">\n\t\t\t\t\t\t<div class=\"elementor-element elementor-element-818f0d4 elementor-widget elementor-widget-text-editor\" data-id=\"818f0d4\" data-element_type=\"widget\" data-widget_type=\"text-editor.default\">\n\t\t\t\t<div class=\"elementor-widget-container\">\n\t\t\t\t\t\t\t\t<div class=\"elementor-text-editor elementor-clearfix\">\n\t\t\t\t<h5><b>Das bist Du:<span class=\"Apple-converted-space\">\u00a0<\/span><\/b><\/h5><ul><li>Eine abgeschlossene Ausbildung im Hotelfach oder Restaurantfach sind von Vorteil, aber kein Muss! Wichtig ist, dass Du Lust auf gute Gastronomie hast, alles andere kann man lernen!<\/li><li>Gastgeber aus Leidenschaft &#8211; Du setzt den Gast immer an erste Stelle und zeigst Engagement in jedem Detail.<\/li><li>Du hast ein Auge f\u00fcr Details und sorgst stets f\u00fcr einen exzellenten Serviceablauf.<\/li><li>Du sprichst Deutsch und Englisch. \u00dcber D\u00e4nisch w\u00fcrden wir uns freuen.<\/li><li>Du bist ein Teamplayer, guckst nach links und rechts und sorgst gemeinsam mit Deinen Teamkollegen f\u00fcr hervorragende Gastronomie.<\/li><\/ul>\t\t\t\t\t<\/div>\n\t\t\t\t\t\t<\/div>\n\t\t\t\t<\/div>\n\t\t\t\t\t\t<\/div>\n\t\t\t\t\t<\/div>\n\t\t<\/div>\n\t\t\t\t<div class=\"elementor-column elementor-col-50 elementor-inner-column elementor-element elementor-element-caedd38\" data-id=\"caedd38\" data-element_type=\"column\">\n\t\t\t<div class=\"elementor-column-wrap elementor-element-populated\">\n\t\t\t\t\t\t\t<div class=\"elementor-widget-wrap\">\n\t\t\t\t\t\t<div class=\"elementor-element elementor-element-a4d0340 elementor-widget elementor-widget-text-editor\" data-id=\"a4d0340\" data-element_type=\"widget\" data-widget_type=\"text-editor.default\">\n\t\t\t\t<div class=\"elementor-widget-container\">\n\t\t\t\t\t\t\t\t<div class=\"elementor-text-editor elementor-clearfix\">\n\t\t\t\t<h5><b>Deine Aufgaben:<\/b><\/h5><p>Als Chef de Rang wei\u00dft Du genau, welche Qualit\u00e4ten und F\u00e4higkeiten f\u00fcr einen reibungslosen Serviceablauf n\u00f6tig sind.<\/p>\t\t\t\t\t<\/div>\n\t\t\t\t\t\t<\/div>\n\t\t\t\t<\/div>\n\t\t\t\t\t\t<\/div>\n\t\t\t\t\t<\/div>\n\t\t<\/div>\n\t\t\t\t\t\t\t\t<\/div>\n\t\t\t\t\t<\/div>\n\t\t<\/section>\n\t\t\t\t<div class=\"elementor-element elementor-element-6c142c6 elementor-widget elementor-widget-spacer\" data-id=\"6c142c6\" data-element_type=\"widget\" data-widget_type=\"spacer.default\">\n\t\t\t\t<div class=\"elementor-widget-container\">\n\t\t\t\t\t<div class=\"elementor-spacer\">\n\t\t\t<div class=\"elementor-spacer-inner\"><\/div>\n\t\t<\/div>\n\t\t\t\t<\/div>\n\t\t\t\t<\/div>\n\t\t\t\t<div class=\"elementor-element elementor-element-936a865 elementor-widget elementor-widget-image\" data-id=\"936a865\" data-element_type=\"widget\" data-widget_type=\"image.default\">\n\t\t\t\t<div class=\"elementor-widget-container\">\n\t\t\t\t\t\t\t\t<div class=\"elementor-image\">\n\t\t\t\t\t\t\t\t\t\t\t\t<img width=\"300\" height=\"194\" src=\"https:\/\/hotel-wassersleben.de\/wp-content\/uploads\/2021\/03\/logo-300x194.png\" class=\"attachment-medium size-medium\" alt=\"\" loading=\"lazy\" srcset=\"https:\/\/hotel-wassersleben.de\/wp-content\/uploads\/2021\/03\/logo-300x194.png 300w, https:\/\/hotel-wassersleben.de\/wp-content\/uploads\/2021\/03\/logo.png 463w\" sizes=\"(max-width: 300px) 100vw, 300px\" \/>\t\t\t\t\t\t\t\t\t\t\t\t\t\t<\/div>\n\t\t\t\t\t\t<\/div>\n\t\t\t\t<\/div>\n\t\t\t\t<div class=\"elementor-element elementor-element-fa14916 elementor-widget elementor-widget-spacer\" data-id=\"fa14916\" data-element_type=\"widget\" data-widget_type=\"spacer.default\">\n\t\t\t\t<div class=\"elementor-widget-container\">\n\t\t\t\t\t<div class=\"elementor-spacer\">\n\t\t\t<div class=\"elementor-spacer-inner\"><\/div>\n\t\t<\/div>\n\t\t\t\t<\/div>\n\t\t\t\t<\/div>\n\t\t\t\t\t\t<\/div>\n\t\t\t\t\t<\/div>\n\t\t<\/div>\n\t\t\t\t\t\t\t\t<\/div>\n\t\t\t\t\t<\/div>\n\t\t<\/section>\n\t\t\t\t\t\t<\/div>\n\t\t\t\t\t\t<\/div>\n\t\t\t\t\t<\/div>","protected":false},"excerpt":{"rendered":"<p>Karriere &#038; Jobs\u200b Werde Teil der Boutique Hotel Wassersleben Familie\u200b! Wir suchen: Chef de Rang (m\/w\/d) Restaurant Wassersleben Vier Dein Arbeitsplatz? Ein kulinarisches Erlebnis mit direktem Blick aufs Meer. Deine Kollegen? \u2013 Einfach klasse! Du suchst nach einer Position, die dich t\u00e4glich herausfordert und zugleich die M\u00f6glichkeit zur pers\u00f6nlichen Weiterentwicklung bietet? Dann bist du bei&#8230; <\/p>\n<div class=\"clear\"><\/div>\n<p><a href=\"https:\/\/hotel-wassersleben.de\/en\/chef-de-rang\/\" class=\"excerpt-read-more\">Continue Reading<i class=\"fa fa-long-arrow-right icon-long-arrow-right\"><\/i><\/a><\/p>","protected":false},"author":1,"featured_media":0,"parent":0,"menu_order":0,"comment_status":"closed","ping_status":"closed","template":"elementor_header_footer","meta":[],"yoast_head":"<!-- This site is optimized with the Yoast SEO plugin v20.0 - https:\/\/yoast.com\/wordpress\/plugins\/seo\/ -->\n<title>Chef De Rang - Hotel Wassersleben<\/title>\n<meta name=\"robots\" content=\"index, follow, max-snippet:-1, max-image-preview:large, max-video-preview:-1\" \/>\n<link rel=\"canonical\" href=\"https:\/\/hotel-wassersleben.de\/en\/chef-de-rang\/\" \/>\n<meta property=\"og:locale\" content=\"en_GB\" \/>\n<meta property=\"og:type\" content=\"article\" \/>\n<meta property=\"og:title\" content=\"Chef De Rang - Hotel Wassersleben\" \/>\n<meta property=\"og:description\" content=\"Karriere &#038; Jobs\u200b Werde Teil der Boutique Hotel Wassersleben Familie\u200b! Wir suchen: Chef de Rang (m\/w\/d) Restaurant Wassersleben Vier Dein Arbeitsplatz? Ein kulinarisches Erlebnis mit direktem Blick aufs Meer. Deine Kollegen? \u2013 Einfach klasse! Du suchst nach einer Position, die dich t\u00e4glich herausfordert und zugleich die M\u00f6glichkeit zur pers\u00f6nlichen Weiterentwicklung bietet? Dann bist du bei... Continue Reading\" \/>\n<meta property=\"og:url\" content=\"https:\/\/hotel-wassersleben.de\/en\/chef-de-rang\/\" \/>\n<meta property=\"og:site_name\" content=\"Hotel Wassersleben\" \/>\n<meta property=\"article:modified_time\" content=\"2023-09-15T11:54:19+00:00\" \/>\n<meta property=\"og:image\" content=\"http:\/\/hotel-wassersleben.de\/wp-content\/uploads\/2021\/06\/WL-Mitarbeiter-133-1024x683.jpg\" \/>\n<meta name=\"twitter:card\" content=\"summary_large_image\" \/>\n<meta name=\"twitter:label1\" content=\"Estimated reading time\" \/>\n\t<meta name=\"twitter:data1\" content=\"3 minutes\" \/>\n<script type=\"application\/ld+json\" class=\"yoast-schema-graph\">{\"@context\":\"https:\/\/schema.org\",\"@graph\":[{\"@type\":\"WebPage\",\"@id\":\"https:\/\/hotel-wassersleben.de\/chef-de-rang\/\",\"url\":\"https:\/\/hotel-wassersleben.de\/chef-de-rang\/\",\"name\":\"Chef De Rang - Hotel Wassersleben\",\"isPartOf\":{\"@id\":\"https:\/\/hotel-wassersleben.de\/#website\"},\"datePublished\":\"2021-06-14T15:51:30+00:00\",\"dateModified\":\"2023-09-15T11:54:19+00:00\",\"breadcrumb\":{\"@id\":\"https:\/\/hotel-wassersleben.de\/chef-de-rang\/#breadcrumb\"},\"inLanguage\":\"en-GB\",\"potentialAction\":[{\"@type\":\"ReadAction\",\"target\":[\"https:\/\/hotel-wassersleben.de\/chef-de-rang\/\"]}]},{\"@type\":\"BreadcrumbList\",\"@id\":\"https:\/\/hotel-wassersleben.de\/chef-de-rang\/#breadcrumb\",\"itemListElement\":[{\"@type\":\"ListItem\",\"position\":1,\"name\":\"Startseite\",\"item\":\"https:\/\/hotel-wassersleben.de\/\"},{\"@type\":\"ListItem\",\"position\":2,\"name\":\"Chef De Rang\"}]},{\"@type\":\"WebSite\",\"@id\":\"https:\/\/hotel-wassersleben.de\/#website\",\"url\":\"https:\/\/hotel-wassersleben.de\/\",\"name\":\"Hotel Wassersleben\",\"description\":\"\",\"potentialAction\":[{\"@type\":\"SearchAction\",\"target\":{\"@type\":\"EntryPoint\",\"urlTemplate\":\"https:\/\/hotel-wassersleben.de\/?s={search_term_string}\"},\"query-input\":\"required name=search_term_string\"}],\"inLanguage\":\"en-GB\"}]}<\/script>\n<!-- \/ Yoast SEO plugin. -->","yoast_head_json":{"title":"Chef De Rang - Hotel Wassersleben","robots":{"index":"index","follow":"follow","max-snippet":"max-snippet:-1","max-image-preview":"max-image-preview:large","max-video-preview":"max-video-preview:-1"},"canonical":"https:\/\/hotel-wassersleben.de\/en\/chef-de-rang\/","og_locale":"en_GB","og_type":"article","og_title":"Chef De Rang - Hotel Wassersleben","og_description":"Karriere &#038; Jobs\u200b Werde Teil der Boutique Hotel Wassersleben Familie\u200b! Wir suchen: Chef de Rang (m\/w\/d) Restaurant Wassersleben Vier Dein Arbeitsplatz? Ein kulinarisches Erlebnis mit direktem Blick aufs Meer. Deine Kollegen? \u2013 Einfach klasse! Du suchst nach einer Position, die dich t\u00e4glich herausfordert und zugleich die M\u00f6glichkeit zur pers\u00f6nlichen Weiterentwicklung bietet? Dann bist du bei... Continue Reading","og_url":"https:\/\/hotel-wassersleben.de\/en\/chef-de-rang\/","og_site_name":"Hotel Wassersleben","article_modified_time":"2023-09-15T11:54:19+00:00","og_image":[{"url":"http:\/\/hotel-wassersleben.de\/wp-content\/uploads\/2021\/06\/WL-Mitarbeiter-133-1024x683.jpg"}],"twitter_card":"summary_large_image","twitter_misc":{"Estimated reading time":"3 minutes"},"schema":{"@context":"https:\/\/schema.org","@graph":[{"@type":"WebPage","@id":"https:\/\/hotel-wassersleben.de\/chef-de-rang\/","url":"https:\/\/hotel-wassersleben.de\/chef-de-rang\/","name":"Chef De Rang - Hotel Wassersleben","isPartOf":{"@id":"https:\/\/hotel-wassersleben.de\/#website"},"datePublished":"2021-06-14T15:51:30+00:00","dateModified":"2023-09-15T11:54:19+00:00","breadcrumb":{"@id":"https:\/\/hotel-wassersleben.de\/chef-de-rang\/#breadcrumb"},"inLanguage":"en-GB","potentialAction":[{"@type":"ReadAction","target":["https:\/\/hotel-wassersleben.de\/chef-de-rang\/"]}]},{"@type":"BreadcrumbList","@id":"https:\/\/hotel-wassersleben.de\/chef-de-rang\/#breadcrumb","itemListElement":[{"@type":"ListItem","position":1,"name":"Startseite","item":"https:\/\/hotel-wassersleben.de\/"},{"@type":"ListItem","position":2,"name":"Chef De Rang"}]},{"@type":"WebSite","@id":"https:\/\/hotel-wassersleben.de\/#website","url":"https:\/\/hotel-wassersleben.de\/","name":"Hotel Wassersleben","description":"","potentialAction":[{"@type":"SearchAction","target":{"@type":"EntryPoint","urlTemplate":"https:\/\/hotel-wassersleben.de\/?s={search_term_string}"},"query-input":"required name=search_term_string"}],"inLanguage":"en-GB"}]}},"_links":{"self":[{"href":"https:\/\/hotel-wassersleben.de\/en\/wp-json\/wp\/v2\/pages\/5692"}],"collection":[{"href":"https:\/\/hotel-wassersleben.de\/en\/wp-json\/wp\/v2\/pages"}],"about":[{"href":"https:\/\/hotel-wassersleben.de\/en\/wp-json\/wp\/v2\/types\/page"}],"author":[{"embeddable":true,"href":"https:\/\/hotel-wassersleben.de\/en\/wp-json\/wp\/v2\/users\/1"}],"replies":[{"embeddable":true,"href":"https:\/\/hotel-wassersleben.de\/en\/wp-json\/wp\/v2\/comments?post=5692"}],"version-history":[{"count":10,"href":"https:\/\/hotel-wassersleben.de\/en\/wp-json\/wp\/v2\/pages\/5692\/revisions"}],"predecessor-version":[{"id":9035,"href":"https:\/\/hotel-wassersleben.de\/en\/wp-json\/wp\/v2\/pages\/5692\/revisions\/9035"}],"wp:attachment":[{"href":"https:\/\/hotel-wassersleben.de\/en\/wp-json\/wp\/v2\/media?parent=5692"}],"curies":[{"name":"wp","href":"https:\/\/api.w.org\/{rel}","templated":true}]}}